{"id":49,"date":"2025-02-23T21:15:15","date_gmt":"2025-02-23T20:15:15","guid":{"rendered":"https:\/\/zora-documentaire.net\/?page_id=49"},"modified":"2025-06-05T17:34:50","modified_gmt":"2025-06-05T15:34:50","slug":"organiser-une-projection","status":"publish","type":"page","link":"https:\/\/zora-documentaire.net\/index.php\/organiser-une-projection\/","title":{"rendered":"Organiser une projection"},"content":{"rendered":"\n<div class=\"wp-block-columns is-layout-flex wp-container-core-columns-is-layout-0348a1d5 wp-block-columns-is-layout-flex\" style=\"padding-right:1rem;padding-left:1rem\">\n<div class=\"wp-block-column is-layout-constrained wp-block-column-is-layout-constrained\" style=\"flex-basis:66.66%\">\n<h2 class=\"wp-block-heading has-medium-font-size\"><mark style=\"background-color:rgba(0, 0, 0, 0)\" class=\"has-inline-color has-ast-global-color-8-color\">ORGANISER VOTRE PROJECTION<\/mark><\/h2>\n\n\n\n<p>Vous souhaitez organiser une projection de la s\u00e9rie <em>ZORA, le climat de la r\u00e9volte<\/em> dans votre ville, universit\u00e9, librairie pr\u00e9f\u00e9r\u00e9e, bar associatif, cin\u00e9ma de quartier ou MJC ?<br><br>Contactez-nous \u00e0 <a href=\"mailto:contact@zora-documentaire.net\">contact@zora-documentaire.net<\/a> pour organiser votre projection et recevoir le lien de diffusion (\u00e0 prix libre) !<\/p>\n\n\n\n<p>Avec l\u2019envie de partager notre exp\u00e9rience et au plaisir de vous rencontrer, nous pouvons nous d\u00e9placer selon nos calendriers.&nbsp;<\/p>\n\n\n\n<h2 class=\"wp-block-heading has-medium-font-size\"><mark style=\"background-color:rgba(0, 0, 0, 0)\" class=\"has-inline-color has-ast-global-color-8-color\">\u00c9CHANGER<\/mark><\/h2>\n\n\n\n<p>Vous souhaitez organiser une projection-d\u00e9bat d\u2019un ou plusieurs \u00e9pisodes ? Nous avons pens\u00e9 plusieurs formats pour \u00e9changer autour des th\u00e9matiques abord\u00e9es dans les \u00e9pisodes de la s\u00e9rie.&nbsp;<\/p>\n\n\n\n<div class=\"wp-block-group is-layout-constrained wp-block-group-is-layout-constrained\">\n<div class=\"wp-block-file\" style=\"margin-right:0;margin-left:0;padding-top:0;padding-right:var(--wp--preset--spacing--50);padding-bottom:0;padding-left:var(--wp--preset--spacing--50)\"><a id=\"wp-block-file--media-83f7fd36-0a6b-4944-b2b4-396da27b2df2\" href=\"http:\/\/zora-documentaire.net\/wp-content\/uploads\/2025\/06\/TOTAL_KIT-DE-PROJECTION.pdf\">Kit de visionnage des trois \u00e9pisodes<\/a><a href=\"http:\/\/zora-documentaire.net\/wp-content\/uploads\/2025\/06\/TOTAL_KIT-DE-PROJECTION.pdf\" class=\"wp-block-file__button wp-element-button\" download aria-describedby=\"wp-block-file--media-83f7fd36-0a6b-4944-b2b4-396da27b2df2\">T\u00e9l\u00e9charger<\/a><\/div>\n<\/div>\n\n\n\n<div class=\"wp-block-file\" style=\"padding-right:var(--wp--preset--spacing--50);padding-left:var(--wp--preset--spacing--50)\"><a id=\"wp-block-file--media-acc0d4e7-1e97-4346-8211-1448ac1d5714\" href=\"http:\/\/zora-documentaire.net\/wp-content\/uploads\/2025\/06\/GRECE_KIT-DE-PROJECTION-Projection.pdf\">Kit de visionnage Gr\u00e8ce : les flammes qui attisent la haine<\/a><a href=\"http:\/\/zora-documentaire.net\/wp-content\/uploads\/2025\/06\/GRECE_KIT-DE-PROJECTION-Projection.pdf\" class=\"wp-block-file__button wp-element-button\" download aria-describedby=\"wp-block-file--media-acc0d4e7-1e97-4346-8211-1448ac1d5714\">T\u00e9l\u00e9charger<\/a><\/div>\n\n\n\n<div class=\"wp-block-file\" style=\"padding-right:var(--wp--preset--spacing--50);padding-left:var(--wp--preset--spacing--50)\"><a id=\"wp-block-file--media-3b4cfd17-d62d-4baf-9fd4-d4bc5cd73995\" href=\"http:\/\/zora-documentaire.net\/wp-content\/uploads\/2025\/06\/FRANCE_KIT-DE-PROJECTION.pdf\">Kit de visionnage France : l\u2019air de l\u2019injustice<\/a><a href=\"http:\/\/zora-documentaire.net\/wp-content\/uploads\/2025\/06\/FRANCE_KIT-DE-PROJECTION.pdf\" class=\"wp-block-file__button wp-element-button\" download aria-describedby=\"wp-block-file--media-3b4cfd17-d62d-4baf-9fd4-d4bc5cd73995\">T\u00e9l\u00e9charger<\/a><\/div>\n\n\n\n<div class=\"wp-block-file\" style=\"padding-right:var(--wp--preset--spacing--50);padding-left:var(--wp--preset--spacing--50)\"><a id=\"wp-block-file--media-87dbe98b-349b-44ec-945a-aaa9f43018d3\" href=\"http:\/\/zora-documentaire.net\/wp-content\/uploads\/2025\/06\/ALLEMAGNE_KIT-DE-PROJECTION.pdf\">Kit de visionnage Allemagne : lutter au coeur de la mine <\/a><a href=\"http:\/\/zora-documentaire.net\/wp-content\/uploads\/2025\/06\/ALLEMAGNE_KIT-DE-PROJECTION.pdf\" class=\"wp-block-file__button wp-element-button\" download aria-describedby=\"wp-block-file--media-87dbe98b-349b-44ec-945a-aaa9f43018d3\">T\u00e9l\u00e9charger<\/a><\/div>\n<\/div>\n\n\n\n<div class=\"wp-block-column is-layout-flow wp-block-column-is-layout-flow\" style=\"flex-basis:33.33%\">\n<figure class=\"wp-block-image size-full\" style=\"margin-top:var(--wp--preset--spacing--50);margin-bottom:var(--wp--preset--spacing--50)\"><img loading=\"lazy\" decoding=\"async\" width=\"943\" height=\"1135\" src=\"http:\/\/zora-documentaire.net\/wp-content\/uploads\/2025\/03\/Design-sans-titre1.png\" alt=\"\" class=\"wp-image-211\" srcset=\"https:\/\/zora-documentaire.net\/wp-content\/uploads\/2025\/03\/Design-sans-titre1.png 943w, https:\/\/zora-documentaire.net\/wp-content\/uploads\/2025\/03\/Design-sans-titre1-249x300.png 249w, https:\/\/zora-documentaire.net\/wp-content\/uploads\/2025\/03\/Design-sans-titre1-851x1024.png 851w, https:\/\/zora-documentaire.net\/wp-content\/uploads\/2025\/03\/Design-sans-titre1-768x924.png 768w\" sizes=\"auto, (max-width: 943px) 100vw, 943px\" \/><\/figure>\n<\/div>\n<\/div>\n\n\n\n<p><\/p>\n","protected":false},"excerpt":{"rendered":"<p>ORGANISER VOTRE PROJECTION Vous souhaitez organiser une projection de la s\u00e9rie ZORA, le climat de la r\u00e9volte dans votre ville, [&hellip;]<\/p>\n","protected":false},"author":1,"featured_media":0,"parent":0,"menu_order":0,"comment_status":"closed","ping_status":"closed","template":"","meta":{"site-sidebar-layout":"default","site-content-layout":"","ast-site-content-layout":"","site-content-style":"default","site-sidebar-style":"default","ast-global-header-display":"","ast-banner-title-visibility":"","ast-main-header-display":"","ast-hfb-above-header-display":"","ast-hfb-below-header-display":"","ast-hfb-mobile-header-display":"","site-post-title":"disabled","ast-breadcrumbs-content":"","ast-featured-img":"","footer-sml-layout":"","theme-transparent-header-meta":"","adv-header-id-meta":"","stick-header-meta":"","header-above-stick-meta":"","header-main-stick-meta":"","header-below-stick-meta":"","astra-migrate-meta-layouts":"default","ast-page-background-enabled":"default","ast-page-background-meta":{"desktop":{"background-color":"var(--ast-global-color-5)","background-image":"","background-repeat":"repeat","background-position":"center center","background-size":"auto","background-attachment":"scroll","background-type":"","background-media":"","overlay-type":"","overlay-color":"","overlay-opacity":"","overlay-gradient":""},"tablet":{"background-color":"","background-image":"","background-repeat":"repeat","background-position":"center center","background-size":"auto","background-attachment":"scroll","background-type":"","background-media":"","overlay-type":"","overlay-color":"","overlay-opacity":"","overlay-gradient":""},"mobile":{"background-color":"","background-image":"","background-repeat":"repeat","background-position":"center center","background-size":"auto","background-attachment":"scroll","background-type":"","background-media":"","overlay-type":"","overlay-color":"","overlay-opacity":"","overlay-gradient":""}},"ast-content-background-meta":{"desktop":{"background-color":"var(--ast-global-color-4)","background-image":"","background-repeat":"repeat","background-position":"center center","background-size":"auto","background-attachment":"scroll","background-type":"","background-media":"","overlay-type":"","overlay-color":"","overlay-opacity":"","overlay-gradient":""},"tablet":{"background-color":"var(--ast-global-color-4)","background-image":"","background-repeat":"repeat","background-position":"center center","background-size":"auto","background-attachment":"scroll","background-type":"","background-media":"","overlay-type":"","overlay-color":"","overlay-opacity":"","overlay-gradient":""},"mobile":{"background-color":"var(--ast-global-color-4)","background-image":"","background-repeat":"repeat","background-position":"center center","background-size":"auto","background-attachment":"scroll","background-type":"","background-media":"","overlay-type":"","overlay-color":"","overlay-opacity":"","overlay-gradient":""}},"footnotes":""},"class_list":["post-49","page","type-page","status-publish","hentry"],"yoast_head":"<!-- This site is optimized with the Yoast SEO plugin v24.7 - https:\/\/yoast.com\/wordpress\/plugins\/seo\/ -->\n<title>Organiser une projection - Documentaire Zora<\/title>\n<meta name=\"robots\" content=\"index, follow, max-snippet:-1, max-image-preview:large, max-video-preview:-1\" \/>\n<link rel=\"canonical\" href=\"https:\/\/zora-documentaire.net\/index.php\/organiser-une-projection\/\" \/>\n<meta property=\"og:locale\" content=\"fr_FR\" \/>\n<meta property=\"og:type\" content=\"article\" \/>\n<meta property=\"og:title\" content=\"Organiser une projection - Documentaire Zora\" \/>\n<meta property=\"og:description\" content=\"ORGANISER VOTRE PROJECTION Vous souhaitez organiser une projection de la s\u00e9rie ZORA, le climat de la r\u00e9volte dans votre ville, [&hellip;]\" \/>\n<meta property=\"og:url\" content=\"https:\/\/zora-documentaire.net\/index.php\/organiser-une-projection\/\" \/>\n<meta property=\"og:site_name\" content=\"Documentaire Zora\" \/>\n<meta property=\"article:modified_time\" content=\"2025-06-05T15:34:50+00:00\" \/>\n<meta property=\"og:image\" content=\"https:\/\/zora-documentaire.net\/wp-content\/uploads\/2025\/03\/Design-sans-titre1.png\" \/>\n\t<meta property=\"og:image:width\" content=\"943\" \/>\n\t<meta property=\"og:image:height\" content=\"1135\" \/>\n\t<meta property=\"og:image:type\" content=\"image\/png\" \/>\n<meta name=\"twitter:card\" content=\"summary_large_image\" \/>\n<meta name=\"twitter:label1\" content=\"Dur\u00e9e de lecture estim\u00e9e\" \/>\n\t<meta name=\"twitter:data1\" content=\"1 minute\" \/>\n<script type=\"application\/ld+json\" class=\"yoast-schema-graph\">{\"@context\":\"https:\/\/schema.org\",\"@graph\":[{\"@type\":\"WebPage\",\"@id\":\"https:\/\/zora-documentaire.net\/index.php\/organiser-une-projection\/\",\"url\":\"https:\/\/zora-documentaire.net\/index.php\/organiser-une-projection\/\",\"name\":\"Organiser une projection - Documentaire Zora\",\"isPartOf\":{\"@id\":\"https:\/\/zora-documentaire.net\/#website\"},\"primaryImageOfPage\":{\"@id\":\"https:\/\/zora-documentaire.net\/index.php\/organiser-une-projection\/#primaryimage\"},\"image\":{\"@id\":\"https:\/\/zora-documentaire.net\/index.php\/organiser-une-projection\/#primaryimage\"},\"thumbnailUrl\":\"http:\/\/zora-documentaire.net\/wp-content\/uploads\/2025\/03\/Design-sans-titre1.png\",\"datePublished\":\"2025-02-23T20:15:15+00:00\",\"dateModified\":\"2025-06-05T15:34:50+00:00\",\"breadcrumb\":{\"@id\":\"https:\/\/zora-documentaire.net\/index.php\/organiser-une-projection\/#breadcrumb\"},\"inLanguage\":\"fr-FR\",\"potentialAction\":[{\"@type\":\"ReadAction\",\"target\":[\"https:\/\/zora-documentaire.net\/index.php\/organiser-une-projection\/\"]}]},{\"@type\":\"ImageObject\",\"inLanguage\":\"fr-FR\",\"@id\":\"https:\/\/zora-documentaire.net\/index.php\/organiser-une-projection\/#primaryimage\",\"url\":\"https:\/\/zora-documentaire.net\/wp-content\/uploads\/2025\/03\/Design-sans-titre1.png\",\"contentUrl\":\"https:\/\/zora-documentaire.net\/wp-content\/uploads\/2025\/03\/Design-sans-titre1.png\",\"width\":943,\"height\":1135},{\"@type\":\"BreadcrumbList\",\"@id\":\"https:\/\/zora-documentaire.net\/index.php\/organiser-une-projection\/#breadcrumb\",\"itemListElement\":[{\"@type\":\"ListItem\",\"position\":1,\"name\":\"Accueil\",\"item\":\"https:\/\/zora-documentaire.net\/\"},{\"@type\":\"ListItem\",\"position\":2,\"name\":\"Organiser une projection\"}]},{\"@type\":\"WebSite\",\"@id\":\"https:\/\/zora-documentaire.net\/#website\",\"url\":\"https:\/\/zora-documentaire.net\/\",\"name\":\"Zora\",\"description\":\"Le climat de la r\u00e9volte\",\"publisher\":{\"@id\":\"https:\/\/zora-documentaire.net\/#organization\"},\"potentialAction\":[{\"@type\":\"SearchAction\",\"target\":{\"@type\":\"EntryPoint\",\"urlTemplate\":\"https:\/\/zora-documentaire.net\/?s={search_term_string}\"},\"query-input\":{\"@type\":\"PropertyValueSpecification\",\"valueRequired\":true,\"valueName\":\"search_term_string\"}}],\"inLanguage\":\"fr-FR\"},{\"@type\":\"Organization\",\"@id\":\"https:\/\/zora-documentaire.net\/#organization\",\"name\":\"Association Zora\",\"url\":\"https:\/\/zora-documentaire.net\/\",\"logo\":{\"@type\":\"ImageObject\",\"inLanguage\":\"fr-FR\",\"@id\":\"https:\/\/zora-documentaire.net\/#\/schema\/logo\/image\/\",\"url\":\"https:\/\/zora-documentaire.net\/wp-content\/uploads\/2025\/03\/cropped-logo.png\",\"contentUrl\":\"https:\/\/zora-documentaire.net\/wp-content\/uploads\/2025\/03\/cropped-logo.png\",\"width\":1891,\"height\":505,\"caption\":\"Association Zora\"},\"image\":{\"@id\":\"https:\/\/zora-documentaire.net\/#\/schema\/logo\/image\/\"}}]}<\/script>\n<!-- \/ Yoast SEO plugin. -->","yoast_head_json":{"title":"Organiser une projection - Documentaire Zora","robots":{"index":"index","follow":"follow","max-snippet":"max-snippet:-1","max-image-preview":"max-image-preview:large","max-video-preview":"max-video-preview:-1"},"canonical":"https:\/\/zora-documentaire.net\/index.php\/organiser-une-projection\/","og_locale":"fr_FR","og_type":"article","og_title":"Organiser une projection - Documentaire Zora","og_description":"ORGANISER VOTRE PROJECTION Vous souhaitez organiser une projection de la s\u00e9rie ZORA, le climat de la r\u00e9volte dans votre ville, [&hellip;]","og_url":"https:\/\/zora-documentaire.net\/index.php\/organiser-une-projection\/","og_site_name":"Documentaire Zora","article_modified_time":"2025-06-05T15:34:50+00:00","og_image":[{"width":943,"height":1135,"url":"https:\/\/zora-documentaire.net\/wp-content\/uploads\/2025\/03\/Design-sans-titre1.png","type":"image\/png"}],"twitter_card":"summary_large_image","twitter_misc":{"Dur\u00e9e de lecture estim\u00e9e":"1 minute"},"schema":{"@context":"https:\/\/schema.org","@graph":[{"@type":"WebPage","@id":"https:\/\/zora-documentaire.net\/index.php\/organiser-une-projection\/","url":"https:\/\/zora-documentaire.net\/index.php\/organiser-une-projection\/","name":"Organiser une projection - Documentaire Zora","isPartOf":{"@id":"https:\/\/zora-documentaire.net\/#website"},"primaryImageOfPage":{"@id":"https:\/\/zora-documentaire.net\/index.php\/organiser-une-projection\/#primaryimage"},"image":{"@id":"https:\/\/zora-documentaire.net\/index.php\/organiser-une-projection\/#primaryimage"},"thumbnailUrl":"http:\/\/zora-documentaire.net\/wp-content\/uploads\/2025\/03\/Design-sans-titre1.png","datePublished":"2025-02-23T20:15:15+00:00","dateModified":"2025-06-05T15:34:50+00:00","breadcrumb":{"@id":"https:\/\/zora-documentaire.net\/index.php\/organiser-une-projection\/#breadcrumb"},"inLanguage":"fr-FR","potentialAction":[{"@type":"ReadAction","target":["https:\/\/zora-documentaire.net\/index.php\/organiser-une-projection\/"]}]},{"@type":"ImageObject","inLanguage":"fr-FR","@id":"https:\/\/zora-documentaire.net\/index.php\/organiser-une-projection\/#primaryimage","url":"https:\/\/zora-documentaire.net\/wp-content\/uploads\/2025\/03\/Design-sans-titre1.png","contentUrl":"https:\/\/zora-documentaire.net\/wp-content\/uploads\/2025\/03\/Design-sans-titre1.png","width":943,"height":1135},{"@type":"BreadcrumbList","@id":"https:\/\/zora-documentaire.net\/index.php\/organiser-une-projection\/#breadcrumb","itemListElement":[{"@type":"ListItem","position":1,"name":"Accueil","item":"https:\/\/zora-documentaire.net\/"},{"@type":"ListItem","position":2,"name":"Organiser une projection"}]},{"@type":"WebSite","@id":"https:\/\/zora-documentaire.net\/#website","url":"https:\/\/zora-documentaire.net\/","name":"Zora","description":"Le climat de la r\u00e9volte","publisher":{"@id":"https:\/\/zora-documentaire.net\/#organization"},"potentialAction":[{"@type":"SearchAction","target":{"@type":"EntryPoint","urlTemplate":"https:\/\/zora-documentaire.net\/?s={search_term_string}"},"query-input":{"@type":"PropertyValueSpecification","valueRequired":true,"valueName":"search_term_string"}}],"inLanguage":"fr-FR"},{"@type":"Organization","@id":"https:\/\/zora-documentaire.net\/#organization","name":"Association Zora","url":"https:\/\/zora-documentaire.net\/","logo":{"@type":"ImageObject","inLanguage":"fr-FR","@id":"https:\/\/zora-documentaire.net\/#\/schema\/logo\/image\/","url":"https:\/\/zora-documentaire.net\/wp-content\/uploads\/2025\/03\/cropped-logo.png","contentUrl":"https:\/\/zora-documentaire.net\/wp-content\/uploads\/2025\/03\/cropped-logo.png","width":1891,"height":505,"caption":"Association Zora"},"image":{"@id":"https:\/\/zora-documentaire.net\/#\/schema\/logo\/image\/"}}]}},"_links":{"self":[{"href":"https:\/\/zora-documentaire.net\/index.php\/wp-json\/wp\/v2\/pages\/49","targetHints":{"allow":["GET"]}}],"collection":[{"href":"https:\/\/zora-documentaire.net\/index.php\/wp-json\/wp\/v2\/pages"}],"about":[{"href":"https:\/\/zora-documentaire.net\/index.php\/wp-json\/wp\/v2\/types\/page"}],"author":[{"embeddable":true,"href":"https:\/\/zora-documentaire.net\/index.php\/wp-json\/wp\/v2\/users\/1"}],"replies":[{"embeddable":true,"href":"https:\/\/zora-documentaire.net\/index.php\/wp-json\/wp\/v2\/comments?post=49"}],"version-history":[{"count":19,"href":"https:\/\/zora-documentaire.net\/index.php\/wp-json\/wp\/v2\/pages\/49\/revisions"}],"predecessor-version":[{"id":369,"href":"https:\/\/zora-documentaire.net\/index.php\/wp-json\/wp\/v2\/pages\/49\/revisions\/369"}],"wp:attachment":[{"href":"https:\/\/zora-documentaire.net\/index.php\/wp-json\/wp\/v2\/media?parent=49"}],"curies":[{"name":"wp","href":"https:\/\/api.w.org\/{rel}","templated":true}]}}